{"id":203,"date":"2023-04-10T21:50:45","date_gmt":"2023-04-11T02:50:45","guid":{"rendered":"https:\/\/vidriosyespejos.enbogota.net\/OnlinE\/?page_id=203"},"modified":"2023-04-10T21:51:25","modified_gmt":"2023-04-11T02:51:25","slug":"ventanas-de-aluminio","status":"publish","type":"page","link":"https:\/\/vidriosyespejos.enbogota.net\/OnlinE\/ventanas-de-aluminio\/","title":{"rendered":"Ventanas de Aluminio"},"content":{"rendered":"<h1>F\u00e1brica de Ventanas de Aluminio<\/h1>\n<div class=\"flex-1 overflow-hidden\">\n<div class=\"react-scroll-to-bottom--css-vkvmg-79elbk h-full dark:bg-gray-800\">\n<div class=\"react-scroll-to-bottom--css-vkvmg-1n7m0yu\">\n<div class=\"flex flex-col items-center text-sm dark:bg-gray-800\">\n<div class=\"group w-full text-gray-800 dark:text-gray-100 border-b border-black\/10 dark:border-gray-900\/50 bg-gray-50 dark:bg-[#444654]\">\n<div class=\"text-base gap-4 md:gap-6 md:max-w-2xl lg:max-w-xl xl:max-w-3xl p-4 md:py-6 flex lg:px-0 m-auto\">\n<div class=\"relative flex w-[calc(100%-50px)] flex-col gap-1 md:gap-3 lg:w-[calc(100%-115px)]\">\n<div class=\"flex flex-grow flex-col gap-3\">\n<div class=\"min-h-[20px] flex flex-col items-start gap-4 whitespace-pre-wrap\">\n<div class=\"markdown prose w-full break-words dark:prose-invert light\">\n<p>El uso de aluminio en la fabricaci\u00f3n de ventanas tiene varias ventajas en comparaci\u00f3n con la madera o el hierro, entre las cuales se incluyen:<\/p>\n<ul>\n<li>Durabilidad: El aluminio es un material resistente y duradero, que no se oxida ni se corroe, lo que lo convierte en una opci\u00f3n ideal para ventanas que se encuentran en ambientes h\u00famedos o cerca del mar.<\/li>\n<li>Bajo mantenimiento: Las ventanas de aluminio no requieren mucho mantenimiento, ya que no se deforman, no se agrietan y no necesitan ser pintadas. Basta con limpiarlas regularmente para mantenerlas en buen estado.<\/li>\n<li>Dise\u00f1o: El aluminio es un material maleable que se puede moldear en diferentes formas y tama\u00f1os, lo que permite una mayor variedad de dise\u00f1os en ventanas.<\/li>\n<li>Aislamiento t\u00e9rmico: El aluminio es un material que no conduce el calor y el fr\u00edo, lo que significa que las ventanas de aluminio pueden ser dise\u00f1adas con doble acristalamiento y c\u00e1maras de aire para ofrecer un mejor aislamiento t\u00e9rmico y ac\u00fastico.<\/li>\n<li>Seguridad: El aluminio es un material resistente y fuerte, lo que lo hace ideal para ventanas que requieren mayor seguridad, como las que se encuentran en plantas bajas o en locales comerciales.<\/li>\n<li>Sostenibilidad: El aluminio es un material reciclable, lo que significa que las ventanas de aluminio pueden ser recicladas al final de su vida \u00fatil, lo que reduce el impacto ambiental.<\/li>\n<\/ul>\n<p>En resumen, el uso de aluminio en la fabricaci\u00f3n de ventanas tiene varias ventajas, como la durabilidad, bajo mantenimiento, variedad de dise\u00f1os, aislamiento t\u00e9rmico, seguridad y sostenibilidad, lo que lo convierte en una opci\u00f3n popular y pr\u00e1ctica para las construcciones modernas.<\/p>\n<\/div>\n<\/div>\n<\/div>\n<div class=\"flex justify-between lg:block\">\n<div class=\"text-gray-400 flex self-end lg:self-center justify-center mt-2 gap-2 md:gap-3 lg:gap-1 lg:absolute lg:top-0 lg:translate-x-full lg:right-0 lg:mt-0 lg:pl-2 visible\"><\/div>\n<\/div>\n<\/div>\n<\/div>\n<\/div>\n<div class=\"w-full h-32 md:h-48 flex-shrink-0\"><\/div>\n<\/div>\n<\/div>\n<\/div>\n<\/div>\n<div class=\"absolute bottom-0 left-0 w-full border-t md:border-t-0 dark:border-white\/20 md:border-transparent md:dark:border-transparent md:bg-vert-light-gradient bg-white dark:bg-gray-800 md:!bg-transparent dark:md:bg-vert-dark-gradient pt-2\">\n<form class=\"stretch mx-2 flex flex-row gap-3 last:mb-2 md:mx-4 md:last:mb-6 lg:mx-auto lg:max-w-2xl xl:max-w-3xl\">\n<div class=\"relative flex h-full flex-1 md:flex-col\">\n<div class=\"flex ml-1 md:w-full md:m-auto md:mb-2 gap-0 md:gap-2 justify-center\"><\/div>\n<\/div>\n<\/form>\n<\/div>\n","protected":false},"excerpt":{"rendered":"<p>F\u00e1brica de Ventanas de Aluminio El uso de aluminio en la fabricaci\u00f3n de ventanas tiene varias ventajas en comparaci\u00f3n con la madera o el hierro, entre las cuales se incluyen: Durabilidad: El aluminio es un material resistente y duradero, que no se oxida ni se corroe, lo que lo convierte en una opci\u00f3n ideal para &#8230; <a title=\"Ventanas de Aluminio\" class=\"read-more\" href=\"https:\/\/vidriosyespejos.enbogota.net\/OnlinE\/ventanas-de-aluminio\/\" aria-label=\"Read more about Ventanas de Aluminio\">Read more<\/a><\/p>\n","protected":false},"author":1,"featured_media":0,"parent":0,"menu_order":0,"comment_status":"closed","ping_status":"closed","template":"","meta":{"iawp_total_views":9,"footnotes":""},"class_list":["post-203","page","type-page","status-publish"],"_links":{"self":[{"href":"https:\/\/vidriosyespejos.enbogota.net\/OnlinE\/wp-json\/wp\/v2\/pages\/203","targetHints":{"allow":["GET"]}}],"collection":[{"href":"https:\/\/vidriosyespejos.enbogota.net\/OnlinE\/wp-json\/wp\/v2\/pages"}],"about":[{"href":"https:\/\/vidriosyespejos.enbogota.net\/OnlinE\/wp-json\/wp\/v2\/types\/page"}],"author":[{"embeddable":true,"href":"https:\/\/vidriosyespejos.enbogota.net\/OnlinE\/wp-json\/wp\/v2\/users\/1"}],"replies":[{"embeddable":true,"href":"https:\/\/vidriosyespejos.enbogota.net\/OnlinE\/wp-json\/wp\/v2\/comments?post=203"}],"version-history":[{"count":2,"href":"https:\/\/vidriosyespejos.enbogota.net\/OnlinE\/wp-json\/wp\/v2\/pages\/203\/revisions"}],"predecessor-version":[{"id":205,"href":"https:\/\/vidriosyespejos.enbogota.net\/OnlinE\/wp-json\/wp\/v2\/pages\/203\/revisions\/205"}],"wp:attachment":[{"href":"https:\/\/vidriosyespejos.enbogota.net\/OnlinE\/wp-json\/wp\/v2\/media?parent=203"}],"curies":[{"name":"wp","href":"https:\/\/api.w.org\/{rel}","templated":true}]}}