{"id":16,"date":"2019-05-06T20:57:49","date_gmt":"2019-05-06T20:57:49","guid":{"rendered":"https:\/\/vidriosyespejos.enbogota.net\/OnlinE\/?page_id=16"},"modified":"2023-01-18T15:20:47","modified_gmt":"2023-01-18T20:20:47","slug":"inicio","status":"publish","type":"page","link":"https:\/\/vidriosyespejos.enbogota.net\/OnlinE\/","title":{"rendered":"Inicio"},"content":{"rendered":"<div id=\"pl-16\"  class=\"panel-layout\" ><div id=\"pg-16-0\"  class=\"panel-grid panel-no-style\" ><div id=\"pgc-16-0-0\"  class=\"panel-grid-cell\" ><div id=\"panel-16-0-0-0\" class=\"widget_text so-panel widget widget_custom_html panel-first-child panel-last-child\" data-index=\"0\" ><h3 class=\"widget-title\">Servicio de Instalaci\u00f3n de Vidrios y Espejos a Domicilio en Bogot\u00e1<\/h3><div class=\"textwidget custom-html-widget\"><script language=\"JavaScript1.2\">var IHRSS_WIDTH = \"98%\"; var IHRSS_HEIGHT = \"270px\"; var IHRSS_SPEED = 1; var IHRSS_BGCOLOR = \"#FFFFFF\"; var IHRSS_SLIDESRARRAY=new Array(); var IHRSS_SLIDESRARRAY1=new Array(); var IHRSS_FINALSLIDE = \" \"; IHRSS_SLIDESRARRAY[0]='<a title=\"Vidrios Anti Ruido\" target=\"_blank\" href=\"#\"><img decoding=\"async\" style=\"display:inline;max-width: none;box-shadow: 0px 0px 0px 0px;padding-right:5px;\" alt=\"Vidrios Anti Ruido\" src=\"https:\/\/vidriosyespejos.enbogota.net\/OnlinE\/wp-content\/uploads\/2019\/05\/vidrio-termo-acustico.jpg\" \/><\/a>';\tIHRSS_SLIDESRARRAY[1]='<a title=\"Divisiones en vidrio para oficinas\" target=\"_blank\" href=\"#\"><img decoding=\"async\" style=\"display:inline;max-width: none;box-shadow: 0px 0px 0px 0px;padding-right:5px;\" alt=\"Divisiones en vidrio para oficinas\" src=\"https:\/\/vidriosyespejos.enbogota.net\/OnlinE\/wp-content\/uploads\/2019\/05\/vidrios-2.jpg\" \/><\/a>';\tIHRSS_SLIDESRARRAY[2]='<a title=\"Vehiculo para transporte de vidrios y espejos\" target=\"_blank\" href=\"#\"><img decoding=\"async\" style=\"display:inline;max-width: none;box-shadow: 0px 0px 0px 0px;padding-right:5px;\" alt=\"Vehiculo para transporte de vidrios y espejos\" src=\"https:\/\/vidriosyespejos.enbogota.net\/OnlinE\/wp-content\/uploads\/2019\/05\/abastecedora-vidrios.jpg\" \/><\/a>';\tIHRSS_SLIDESRARRAY1[0]='<img decoding=\"async\" style=\"display: none;max-width: none;\" src=\"https:\/\/vidriosyespejos.enbogota.net\/OnlinE\/wp-content\/uploads\/2019\/05\/vidrio-termo-acustico.jpg\" \/>';\tIHRSS_SLIDESRARRAY1[1]='<img decoding=\"async\" style=\"display: none;max-width: none;\" src=\"https:\/\/vidriosyespejos.enbogota.net\/OnlinE\/wp-content\/uploads\/2019\/05\/vidrios-2.jpg\" \/>';\tIHRSS_SLIDESRARRAY1[2]='<img decoding=\"async\" style=\"display: none;max-width: none;\" src=\"https:\/\/vidriosyespejos.enbogota.net\/OnlinE\/wp-content\/uploads\/2019\/05\/abastecedora-vidrios.jpg\" \/>';\tvar IHRSS_IMGGAP = \"\"; var IHRSS_PIXELGAP = 0; <\/script><script language=\"JavaScript1.2\" src=\"https:\/\/vidriosyespejos.enbogota.net\/OnlinE\/wp-content\/plugins\/image-horizontal-reel-scroll-slideshow\/image-horizontal-reel-scroll-slideshow.js\"><\/script><\/div><\/div><\/div><div id=\"pgc-16-0-1\"  class=\"panel-grid-cell panel-grid-cell-empty\" ><\/div><div id=\"pgc-16-0-2\"  class=\"panel-grid-cell\" ><div id=\"panel-16-0-2-0\" class=\"so-panel widget widget_sow-editor panel-first-child panel-last-child\" data-index=\"1\" ><div\n\t\t\t\n\t\t\tclass=\"so-widget-sow-editor so-widget-sow-editor-base\"\n\t\t\t\n\t\t><h3 class=\"widget-title\">Nuestros Servicios<\/h3>\n<div class=\"siteorigin-widget-tinymce textwidget\">\n\t<ul>\n<li>Vidrios Blindados<\/li>\n<li>Vidrios Anti Ruidos<\/li>\n<li>Vidrios de Seguridad<\/li>\n<li>Vidrios Templados de todos los Calibres<\/li>\n<li>Divisiones para ba\u00f1o<\/li>\n<li>Divisiones para oficina<\/li>\n<li>Peliculas de seguridad y anti solar<\/li>\n<li>Fabrica y venta de todo tipo de vitrinas<\/li>\n<li>Servicio Marqueteria Clasica y Moderna<\/li>\n<\/ul>\n<\/div>\n<\/div><\/div><\/div><\/div><div id=\"pg-16-1\"  class=\"panel-grid panel-has-style\" ><div class=\"siteorigin-panels-stretch panel-row-style panel-row-style-for-16-1\" data-stretch-type=\"full\" ><div id=\"pgc-16-1-0\"  class=\"panel-grid-cell\" ><div id=\"panel-16-1-0-0\" class=\"widget_text so-panel widget widget_custom_html panel-first-child panel-last-child\" data-index=\"2\" ><div class=\"textwidget custom-html-widget\"><h2>\n\tAbastecedora de Vidrios y Espejos en Bogot\u00e1 Norte\n<\/h2>\n<h3>\n\tInstalaci\u00f3n a domicilio todo tipo de vidrios y espejos las 24 horas\n<\/h3><\/div><\/div><\/div><\/div><\/div><div id=\"pg-16-2\"  class=\"panel-grid panel-no-style\" ><div id=\"pgc-16-2-0\"  class=\"panel-grid-cell\" ><div id=\"panel-16-2-0-0\" class=\"so-panel widget widget_sow-editor panel-first-child panel-last-child\" data-index=\"3\" ><div\n\t\t\t\n\t\t\tclass=\"so-widget-sow-editor so-widget-sow-editor-base\"\n\t\t\t\n\t\t><h3 class=\"widget-title\">Vidrios Anti Ruidos<\/h3>\n<div class=\"siteorigin-widget-tinymce textwidget\">\n\t<figure id=\"attachment_111\" aria-describedby=\"caption-attachment-111\" style=\"width: 340px\" class=\"wp-caption aligncenter\"><img loading=\"lazy\" decoding=\"async\" class=\"wp-image-111 size-full\" src=\"https:\/\/vidriosyespejos.enbogota.net\/OnlinE\/wp-content\/uploads\/2019\/05\/vidrio-termico-acustico.jpg\" alt=\"Vidrio t\u00e9rmico ac\u00fastico\" width=\"350\" height=\"270\" srcset=\"https:\/\/vidriosyespejos.enbogota.net\/OnlinE\/wp-content\/uploads\/2019\/05\/vidrio-termico-acustico.jpg 350w, https:\/\/vidriosyespejos.enbogota.net\/OnlinE\/wp-content\/uploads\/2019\/05\/vidrio-termico-acustico-300x231.jpg 300w\" sizes=\"auto, (max-width: 350px) 100vw, 350px\" \/><figcaption id=\"caption-attachment-111\" class=\"wp-caption-text\">Vidrio t\u00e9rmico ac\u00fastico<\/figcaption><\/figure>\n<p>Aislamos completamente su casa del ruido exterior mediante la <strong>instalaci\u00f3n de nuestros vidrios anti-ruido<\/strong>. De esta forma podr\u00e1 descansar mejor y, por lo tanto, tendr\u00e1 una mejor calidad de vida. En su oficina con la ausencia del molesto ruido de la calle podr\u00e1 concentrarse mejor en su trabajo y obtendr\u00e1 un mejor rendimiento.<\/p>\n<p>Una opci\u00f3n adicional es el <strong>vidrio termo ac\u00fastico<\/strong>, el cual adem\u00e1s de disminuir considerablemente el ruido proveniente del exterior, ayuda a mantener la temperatura ambiente debido a cu c\u00e1mara de aire seco. Esto contribuye al ahorro de emerg\u00eda.<\/p>\n<\/div>\n<\/div><\/div><\/div><div id=\"pgc-16-2-1\"  class=\"panel-grid-cell\" ><div id=\"panel-16-2-1-0\" class=\"so-panel widget widget_sow-editor panel-first-child panel-last-child\" data-index=\"4\" ><div\n\t\t\t\n\t\t\tclass=\"so-widget-sow-editor so-widget-sow-editor-base\"\n\t\t\t\n\t\t><h3 class=\"widget-title\">Espejos Decorativos<\/h3>\n<div class=\"siteorigin-widget-tinymce textwidget\">\n\t<figure id=\"attachment_142\" aria-describedby=\"caption-attachment-142\" style=\"width: 340px\" class=\"wp-caption alignnone\"><img loading=\"lazy\" decoding=\"async\" class=\"size-full wp-image-142\" src=\"https:\/\/vidriosyespejos.enbogota.net\/OnlinE\/wp-content\/uploads\/2019\/05\/divisiones-para-ba\u00f1o.jpg\" alt=\"Divisiones en vidrio para ba\u00f1os\" width=\"350\" height=\"270\" srcset=\"https:\/\/vidriosyespejos.enbogota.net\/OnlinE\/wp-content\/uploads\/2019\/05\/divisiones-para-ba\u00f1o.jpg 350w, https:\/\/vidriosyespejos.enbogota.net\/OnlinE\/wp-content\/uploads\/2019\/05\/divisiones-para-ba\u00f1o-300x231.jpg 300w\" sizes=\"auto, (max-width: 350px) 100vw, 350px\" \/><figcaption id=\"caption-attachment-142\" class=\"wp-caption-text\">Divisiones en vidrio para ba\u00f1os<\/figcaption><\/figure>\n<p>Espejo de la mejor calidad , no mancha , no distoriciona.<br \/>\nIncluye transporte e instalaci\u00f3n<br \/>\nManejamos diferentes tonalidades y dise\u00f1os.<\/p>\n<\/div>\n<\/div><\/div><\/div><div id=\"pgc-16-2-2\"  class=\"panel-grid-cell\" ><div id=\"panel-16-2-2-0\" class=\"so-panel widget widget_sow-editor panel-first-child panel-last-child\" data-index=\"5\" ><div\n\t\t\t\n\t\t\tclass=\"so-widget-sow-editor so-widget-sow-editor-base\"\n\t\t\t\n\t\t><h3 class=\"widget-title\">Vidrios de Seguridad<\/h3>\n<div class=\"siteorigin-widget-tinymce textwidget\">\n\t<figure id=\"attachment_106\" aria-describedby=\"caption-attachment-106\" style=\"width: 340px\" class=\"wp-caption aligncenter\"><img loading=\"lazy\" decoding=\"async\" class=\"size-full wp-image-106\" src=\"https:\/\/vidriosyespejos.enbogota.net\/OnlinE\/wp-content\/uploads\/2019\/05\/vidrio-seguridad.jpg\" alt=\"Ventana con vidrio de seguridad\" width=\"350\" height=\"270\" srcset=\"https:\/\/vidriosyespejos.enbogota.net\/OnlinE\/wp-content\/uploads\/2019\/05\/vidrio-seguridad.jpg 350w, https:\/\/vidriosyespejos.enbogota.net\/OnlinE\/wp-content\/uploads\/2019\/05\/vidrio-seguridad-300x231.jpg 300w\" sizes=\"auto, (max-width: 350px) 100vw, 350px\" \/><figcaption id=\"caption-attachment-106\" class=\"wp-caption-text\">Ventana con vidrio de seguridad<\/figcaption><\/figure>\n<p>Un vidrio de seguridad es aquel que ante un fuerte golpe o impacto no se parte en pedazos grandes, sino que se descompone o desmorona en pedazos peque\u00f1os, lo cual reduce las posibilidades de heridas graves en las personas.<\/p>\n<p>Existen dos clases de vidrios de seguridad, el <strong>vidrio templado<\/strong> que al romperse de despedaza completamente y el vidrio de <strong>seguridad laminado<\/strong>, el cual cuando se rompe los pedazos quedad adheridos al pl\u00e1stico interno que lleva el mismo vidrio.<br \/>\nEste \u00faltimo, el plastificado,\u00a0 es muy recomendable para casas donde habitan ni\u00f1os.<\/p>\n<\/div>\n<\/div><\/div><\/div><\/div><div id=\"pg-16-3\"  class=\"panel-grid panel-has-style\" ><div class=\"siteorigin-panels-stretch panel-row-style panel-row-style-for-16-3\" data-stretch-type=\"full-stretched\" ><div id=\"pgc-16-3-0\"  class=\"panel-grid-cell panel-grid-cell-empty\" ><\/div><\/div><\/div><div id=\"pg-16-4\"  class=\"panel-grid panel-no-style\" ><div id=\"pgc-16-4-0\"  class=\"panel-grid-cell\" ><div id=\"panel-16-4-0-0\" class=\"so-panel widget widget_sow-editor panel-first-child panel-last-child\" data-index=\"6\" ><div\n\t\t\t\n\t\t\tclass=\"so-widget-sow-editor so-widget-sow-editor-base\"\n\t\t\t\n\t\t><h3 class=\"widget-title\">Venta e Instalaci\u00f3n de Espejos<\/h3>\n<div class=\"siteorigin-widget-tinymce textwidget\">\n\t<figure id=\"attachment_140\" aria-describedby=\"caption-attachment-140\" style=\"width: 335px\" class=\"wp-caption aligncenter\"><img loading=\"lazy\" decoding=\"async\" class=\"size-full wp-image-140\" src=\"https:\/\/vidriosyespejos.enbogota.net\/OnlinE\/wp-content\/uploads\/2019\/05\/instalacion-espejos.jpg\" alt=\"Espejos instalados en ba\u00f1o\" width=\"345\" height=\"270\" srcset=\"https:\/\/vidriosyespejos.enbogota.net\/OnlinE\/wp-content\/uploads\/2019\/05\/instalacion-espejos.jpg 345w, https:\/\/vidriosyespejos.enbogota.net\/OnlinE\/wp-content\/uploads\/2019\/05\/instalacion-espejos-300x235.jpg 300w\" sizes=\"auto, (max-width: 345px) 100vw, 345px\" \/><figcaption id=\"caption-attachment-140\" class=\"wp-caption-text\">Espejos instalados en ba\u00f1o<\/figcaption><\/figure>\n<p>Como profesionales en el manejo del vidrio y expertos en marqueter\u00eda, tambi\u00e9n tenemos una gran experiencia en todo lo relacionado con<br \/>\nespejos.<br \/>\nEstamos en capacidad de instalarle a domicilio todo tipo de espejos como:<\/p>\n<ul>\n<li>Toda clase de espejos decorativos<\/li>\n<li>Espejos para ba\u00f1os y salones<\/li>\n<li>Espejos de pared redondos y ovalados<\/li>\n<li>Espejos convexos<\/li>\n<li>Espejos con luces<\/li>\n<\/ul>\n<\/div>\n<\/div><\/div><\/div><div id=\"pgc-16-4-1\"  class=\"panel-grid-cell\" ><div id=\"panel-16-4-1-0\" class=\"so-panel widget widget_sow-editor panel-first-child panel-last-child\" data-index=\"7\" ><div\n\t\t\t\n\t\t\tclass=\"so-widget-sow-editor so-widget-sow-editor-base\"\n\t\t\t\n\t\t><h3 class=\"widget-title\">F\u00e1brica e Instalacion Divisiones Oficina<\/h3>\n<div class=\"siteorigin-widget-tinymce textwidget\">\n\t<p><figure id=\"attachment_141\" aria-describedby=\"caption-attachment-141\" style=\"width: 340px\" class=\"wp-caption aligncenter\"><img loading=\"lazy\" decoding=\"async\" class=\"size-full wp-image-141\" src=\"https:\/\/vidriosyespejos.enbogota.net\/OnlinE\/wp-content\/uploads\/2019\/05\/divisiones-oficina.jpg\" alt=\"Divisiones en vidrio para oficinas\" width=\"350\" height=\"270\" srcset=\"https:\/\/vidriosyespejos.enbogota.net\/OnlinE\/wp-content\/uploads\/2019\/05\/divisiones-oficina.jpg 350w, https:\/\/vidriosyespejos.enbogota.net\/OnlinE\/wp-content\/uploads\/2019\/05\/divisiones-oficina-300x231.jpg 300w\" sizes=\"auto, (max-width: 350px) 100vw, 350px\" \/><figcaption id=\"caption-attachment-141\" class=\"wp-caption-text\">Divisiones en vidrio para oficinas<\/figcaption><\/figure><br \/>\nTenemos muchos a\u00f1os de experiencia en el dise\u00f1o y construcci\u00f3n de divisiones para oficinas de todo tipo. Estas divisiones se fabrican en aluminio y vidrio de diferentes calibres, seg\u00fan sus necesidades particulares.<br \/>\nCotizamos sin compromiso cualquier clase de divisi\u00f3n ya sea para su casa, f\u00e1brica u oficina.<\/p>\n<p>Recuerdo que una divisi\u00f3n en vidrio transparente o semi transparente permite la entrada de luz lo cual redunda en mejores condiciones de trabajo y ahorro de energ\u00eda el\u00e9ctrica.<\/p>\n<\/div>\n<\/div><\/div><\/div><div id=\"pgc-16-4-2\"  class=\"panel-grid-cell\" ><div id=\"panel-16-4-2-0\" class=\"so-panel widget widget_sow-editor panel-first-child panel-last-child\" data-index=\"8\" ><div\n\t\t\t\n\t\t\tclass=\"so-widget-sow-editor so-widget-sow-editor-base\"\n\t\t\t\n\t\t><h3 class=\"widget-title\">F\u00e1brica e Instalacion Divisiones Ba\u00f1os<\/h3>\n<div class=\"siteorigin-widget-tinymce textwidget\">\n\t<p><figure id=\"attachment_142\" aria-describedby=\"caption-attachment-142\" style=\"width: 340px\" class=\"wp-caption aligncenter\"><img loading=\"lazy\" decoding=\"async\" class=\"size-full wp-image-142\" src=\"https:\/\/vidriosyespejos.enbogota.net\/OnlinE\/wp-content\/uploads\/2019\/05\/divisiones-para-ba\u00f1o.jpg\" alt=\"Divisiones en vidrio para ba\u00f1os\" width=\"350\" height=\"270\" srcset=\"https:\/\/vidriosyespejos.enbogota.net\/OnlinE\/wp-content\/uploads\/2019\/05\/divisiones-para-ba\u00f1o.jpg 350w, https:\/\/vidriosyespejos.enbogota.net\/OnlinE\/wp-content\/uploads\/2019\/05\/divisiones-para-ba\u00f1o-300x231.jpg 300w\" sizes=\"auto, (max-width: 350px) 100vw, 350px\" \/><figcaption id=\"caption-attachment-142\" class=\"wp-caption-text\">Divisiones en vidrio para ba\u00f1os<\/figcaption><\/figure><br \/>\nFabricamos e instalamos las divisiones para su ba\u00f1o o ducha con aluminio y vidrio o material acr\u00edlico de diferentes espesores o calibres seg\u00fan sus gusto particulares.<br \/>\nTenemos muchos a\u00f1os de experiencia en el dise\u00f1o, la fabricaci\u00f3n e instalaci\u00f3n de divisiones para todo tipo de ba\u00f1os. Unido a que solo utilizamos materia prima de excelente calidad, nos permite garantizar todos nuestros trabajos relacionados con el aluminio, el vidrio y los espejos.<br \/>\nPor favor, reg\u00e1lenos una llamada para tener el placer de atenderlos y cotizarles sin compromiso alguno.<\/p>\n<\/div>\n<\/div><\/div><\/div><\/div><div id=\"pg-16-5\"  class=\"panel-grid panel-no-style\" ><div id=\"pgc-16-5-0\"  class=\"panel-grid-cell\" ><div id=\"panel-16-5-0-0\" class=\"widget_text so-panel widget widget_custom_html panel-first-child panel-last-child\" data-index=\"9\" ><div class=\"textwidget custom-html-widget\"><script type=\"application\/ld+json\">\n{\n  \"@context\": \"https:\/\/schema.org\",\n  \"@type\": \"LocalBusiness\",\n  \"name\": \"Abastecedora de Vidrios y Espejos\",\n  \"image\": \"https:\/\/vidriosyespejos.enbogota.net\/OnlinE\/wp-content\/uploads\/2019\/05\/vidrio-termo-acustico.jpg\",\n  \"@id\": \"https:\/\/vidriosyespejos.enbogota.net\/OnlinE\/\",\n  \"url\": \"https:\/\/vidriosyespejos.enbogota.net\/OnlinE\/\",\n  \"telephone\": \"316 2249171\",\n  \"address\": {\n    \"@type\": \"PostalAddress\",\n    \"streetAddress\": \"Carrera 29 # 75-45\",\n    \"addressLocality\": \"Bogot\u00e1\",\n    \"postalCode\": \"251250\",\n    \"addressCountry\": \"CO\"\n  } \n}\n<\/script><\/div><\/div><\/div><\/div><\/div>","protected":false},"excerpt":{"rendered":"<p>Vidrios Blindados Vidrios Anti Ruidos Vidrios de Seguridad Vidrios Templados de todos los Calibres Divisiones para ba\u00f1o Divisiones para oficina Peliculas de seguridad y anti solar Fabrica y venta de todo tipo de vitrinas Servicio Marqueteria Clasica y Moderna<\/p>\n","protected":false},"author":1,"featured_media":0,"parent":0,"menu_order":0,"comment_status":"closed","ping_status":"closed","template":"","meta":{"iawp_total_views":911,"footnotes":""},"class_list":["post-16","page","type-page","status-publish"],"_links":{"self":[{"href":"https:\/\/vidriosyespejos.enbogota.net\/OnlinE\/wp-json\/wp\/v2\/pages\/16","targetHints":{"allow":["GET"]}}],"collection":[{"href":"https:\/\/vidriosyespejos.enbogota.net\/OnlinE\/wp-json\/wp\/v2\/pages"}],"about":[{"href":"https:\/\/vidriosyespejos.enbogota.net\/OnlinE\/wp-json\/wp\/v2\/types\/page"}],"author":[{"embeddable":true,"href":"https:\/\/vidriosyespejos.enbogota.net\/OnlinE\/wp-json\/wp\/v2\/users\/1"}],"replies":[{"embeddable":true,"href":"https:\/\/vidriosyespejos.enbogota.net\/OnlinE\/wp-json\/wp\/v2\/comments?post=16"}],"version-history":[{"count":113,"href":"https:\/\/vidriosyespejos.enbogota.net\/OnlinE\/wp-json\/wp\/v2\/pages\/16\/revisions"}],"predecessor-version":[{"id":196,"href":"https:\/\/vidriosyespejos.enbogota.net\/OnlinE\/wp-json\/wp\/v2\/pages\/16\/revisions\/196"}],"wp:attachment":[{"href":"https:\/\/vidriosyespejos.enbogota.net\/OnlinE\/wp-json\/wp\/v2\/media?parent=16"}],"curies":[{"name":"wp","href":"https:\/\/api.w.org\/{rel}","templated":true}]}}