{"id":14,"date":"2019-05-06T20:49:29","date_gmt":"2019-05-06T20:49:29","guid":{"rendered":"https:\/\/vidriosyespejos.enbogota.net\/OnlinE\/?page_id=14"},"modified":"2023-05-17T09:45:55","modified_gmt":"2023-05-17T14:45:55","slug":"espejos","status":"publish","type":"page","link":"https:\/\/vidriosyespejos.enbogota.net\/OnlinE\/espejos\/","title":{"rendered":"Espejos"},"content":{"rendered":"<style>.kb-row-layout-wrap.wp-block-kadence-rowlayout.kb-row-layout-id_22e071-b5{margin-bottom:0px;}.kb-row-layout-id_22e071-b5 > .kt-row-column-wrap{align-content:start;}:where(.kb-row-layout-id_22e071-b5 > .kt-row-column-wrap) > .wp-block-kadence-column{justify-content:start;}.kb-row-layout-id_22e071-b5 > .kt-row-column-wrap{column-gap:var(--global-kb-gap-md, 2rem);row-gap:var(--global-kb-gap-md, 2rem);padding-top:var(--global-kb-spacing-sm, 1.5rem);padding-bottom:var(--global-kb-spacing-sm, 1.5rem);grid-template-columns:minmax(0, 1fr);}.kb-row-layout-id_22e071-b5 > .kt-row-layout-overlay{opacity:0.30;}@media all and (max-width: 1024px){.kb-row-layout-id_22e071-b5 > .kt-row-column-wrap{grid-template-columns:minmax(0, 1fr);}}@media all and (max-width: 767px){.kb-row-layout-id_22e071-b5 > .kt-row-column-wrap{grid-template-columns:minmax(0, 1fr);}}<\/style><div class=\"kb-row-layout-wrap kb-row-layout-id_22e071-b5 alignnone wp-block-kadence-rowlayout\"><div class=\"kt-row-column-wrap kt-has-1-columns kt-row-layout-equal kt-tab-layout-inherit kt-mobile-layout-row kt-row-valign-top\">\n<style>.kadence-column_d0351b-29 > .kt-inside-inner-col,.kadence-column_d0351b-29 > .kt-inside-inner-col:before{border-top-left-radius:0px;border-top-right-radius:0px;border-bottom-right-radius:0px;border-bottom-left-radius:0px;}.kadence-column_d0351b-29 > .kt-inside-inner-col{column-gap:var(--global-kb-gap-sm, 1rem);}.kadence-column_d0351b-29 > .kt-inside-inner-col{flex-direction:column;}.kadence-column_d0351b-29 > .kt-inside-inner-col > .aligncenter{width:100%;}.kadence-column_d0351b-29 > .kt-inside-inner-col:before{opacity:0.3;}.kadence-column_d0351b-29{position:relative;}@media all and (max-width: 1024px){.kadence-column_d0351b-29 > .kt-inside-inner-col{flex-direction:column;justify-content:center;}}@media all and (max-width: 767px){.kadence-column_d0351b-29 > .kt-inside-inner-col{flex-direction:column;justify-content:center;}}<\/style>\n<div class=\"wp-block-kadence-column kadence-column_d0351b-29\"><div class=\"kt-inside-inner-col\">\n<h2 class=\"wp-block-heading\">Venta e Instalaci\u00f3n Espejos a Domicilio<\/h2>\n\n\n<style>.kb-gallery-id-_66bc8e-cf.kb-gallery-ul.kb-gallery-type-fluidcarousel .kt-blocks-carousel figure .kb-gal-image-radius, .kb-gallery-id-_66bc8e-cf.kb-gallery-ul.kb-gallery-type-fluidcarousel .kt-blocks-carousel figure .kb-gal-image-radius img{height:300px;}.kb-gallery-id-_66bc8e-cf .kadence-blocks-gallery-item .kb-gal-image-radius, .kb-gallery-id-_66bc8e-cf .kb-slide-item .kb-gal-image-radius img{border-radius:0px 0px 0px 0px;;}.kb-gallery-wrap-id-_66bc8e-cf.wp-block-kadence-advancedgallery{overflow:visible;}.kb-gallery-wrap-id-_66bc8e-cf.wp-block-kadence-advancedgallery .kt-blocks-carousel{overflow:visible;max-width:100%;}<\/style><div class=\"kb-gallery-wrap-id-_66bc8e-cf alignnone wp-block-kadence-advancedgallery\"><div class=\"kb-gallery-ul kb-gallery-non-static kb-gallery-type-fluidcarousel kb-gallery-id-_66bc8e-cf kb-gallery-caption-style-bottom-hover kb-gallery-filter-none kb-gallery-magnific-init\" data-image-filter=\"none\" data-lightbox-caption=\"true\"><div class=\"kt-blocks-carousel kt-carousel-container-dotstyle-dark\"><div class=\"kt-blocks-carousel-init kb-blocks-fluid-carousel kt-carousel-arrowstyle-whiteondark kt-carousel-dotstyle-dark kb-slider-group-arrow kb-slider-arrow-position-center\" data-slider-anim-speed=\"400\" data-slider-scroll=\"1\" data-slider-arrows=\"true\" data-slider-dots=\"true\" data-slider-hover-pause=\"false\" data-slider-auto=\"1\" data-slider-speed=\"7000\" data-slider-type=\"fluidcarousel\" data-slider-center-mode=\"true\" data-slider-gap=\"10px\" data-slider-gap-tablet=\"10px\" data-slider-gap-mobile=\"10px\" data-show-pause-button=\"false\"><li class=\"kb-slide-item kb-gallery-carousel-item\"><div class=\"kadence-blocks-gallery-item\"><div class=\"kadence-blocks-gallery-item-inner\"><figure class=\"kb-gallery-figure kb-gallery-item-has-link kadence-blocks-gallery-item-hide-caption\"><a href=\"https:\/\/vidriosyespejos.enbogota.net\/OnlinE\/wp-content\/uploads\/2021\/10\/espejo-decorativo.jpg\" data-description=\"Espejo instaladoe  sala\" data-alt=\"Espejo instalado\" class=\"kb-gallery-item-link\"  ><div class=\"kb-gal-image-radius\"><div class=\"kb-gallery-image-contain\" ><img loading=\"lazy\" decoding=\"async\" src=\"https:\/\/vidriosyespejos.enbogota.net\/OnlinE\/wp-content\/uploads\/2021\/10\/espejo-decorativo.jpg\" width=\"350\" height=\"270\" alt=\"Espejo instalado\" data-full-image=\"https:\/\/vidriosyespejos.enbogota.net\/OnlinE\/wp-content\/uploads\/2021\/10\/espejo-decorativo.jpg\" data-light-image=\"https:\/\/vidriosyespejos.enbogota.net\/OnlinE\/wp-content\/uploads\/2021\/10\/espejo-decorativo.jpg\" data-id=\"183\" class=\"wp-image-183 skip-lazy\" srcset=\"https:\/\/vidriosyespejos.enbogota.net\/OnlinE\/wp-content\/uploads\/2021\/10\/espejo-decorativo.jpg 350w, https:\/\/vidriosyespejos.enbogota.net\/OnlinE\/wp-content\/uploads\/2021\/10\/espejo-decorativo-300x231.jpg 300w\" sizes=\"auto, (max-width: 350px) 100vw, 350px\" \/><\/div><\/div><\/a><\/figure><\/div><\/div><\/li><li class=\"kb-slide-item kb-gallery-carousel-item\"><div class=\"kadence-blocks-gallery-item\"><div class=\"kadence-blocks-gallery-item-inner\"><figure class=\"kb-gallery-figure kb-gallery-item-has-link kadence-blocks-gallery-item-hide-caption\"><a href=\"https:\/\/vidriosyespejos.enbogota.net\/OnlinE\/wp-content\/uploads\/2023\/05\/espejo-circular.jpg\" data-description=\"Espejo circular instalado en ba\u00f1o\" data-alt=\"Espejo circular\" class=\"kb-gallery-item-link\"  ><div class=\"kb-gal-image-radius\"><div class=\"kb-gallery-image-contain\" ><img loading=\"lazy\" decoding=\"async\" src=\"https:\/\/vidriosyespejos.enbogota.net\/OnlinE\/wp-content\/uploads\/2023\/05\/espejo-circular.jpg\" width=\"578\" height=\"400\" alt=\"Espejo circular\" data-full-image=\"https:\/\/vidriosyespejos.enbogota.net\/OnlinE\/wp-content\/uploads\/2023\/05\/espejo-circular.jpg\" data-light-image=\"https:\/\/vidriosyespejos.enbogota.net\/OnlinE\/wp-content\/uploads\/2023\/05\/espejo-circular.jpg\" data-id=\"212\" class=\"wp-image-212 skip-lazy\" srcset=\"https:\/\/vidriosyespejos.enbogota.net\/OnlinE\/wp-content\/uploads\/2023\/05\/espejo-circular.jpg 578w, https:\/\/vidriosyespejos.enbogota.net\/OnlinE\/wp-content\/uploads\/2023\/05\/espejo-circular-300x208.jpg 300w\" sizes=\"auto, (max-width: 578px) 100vw, 578px\" \/><\/div><\/div><\/a><\/figure><\/div><\/div><\/li><li class=\"kb-slide-item kb-gallery-carousel-item\"><div class=\"kadence-blocks-gallery-item\"><div class=\"kadence-blocks-gallery-item-inner\"><figure class=\"kb-gallery-figure kb-gallery-item-has-link kadence-blocks-gallery-item-hide-caption\"><a href=\"https:\/\/vidriosyespejos.enbogota.net\/OnlinE\/wp-content\/uploads\/2023\/05\/espejo-decorativo.jpg\" data-description=\"Espejo con marco decorativo\" data-alt=\"Espejo con marco\" class=\"kb-gallery-item-link\"  ><div class=\"kb-gal-image-radius\"><div class=\"kb-gallery-image-contain\" ><img loading=\"lazy\" decoding=\"async\" src=\"https:\/\/vidriosyespejos.enbogota.net\/OnlinE\/wp-content\/uploads\/2023\/05\/espejo-decorativo.jpg\" width=\"557\" height=\"400\" alt=\"Espejo con marco\" data-full-image=\"https:\/\/vidriosyespejos.enbogota.net\/OnlinE\/wp-content\/uploads\/2023\/05\/espejo-decorativo.jpg\" data-light-image=\"https:\/\/vidriosyespejos.enbogota.net\/OnlinE\/wp-content\/uploads\/2023\/05\/espejo-decorativo.jpg\" data-id=\"213\" class=\"wp-image-213 skip-lazy\" srcset=\"https:\/\/vidriosyespejos.enbogota.net\/OnlinE\/wp-content\/uploads\/2023\/05\/espejo-decorativo.jpg 557w, https:\/\/vidriosyespejos.enbogota.net\/OnlinE\/wp-content\/uploads\/2023\/05\/espejo-decorativo-300x215.jpg 300w\" sizes=\"auto, (max-width: 557px) 100vw, 557px\" \/><\/div><\/div><\/a><\/figure><\/div><\/div><\/li><li class=\"kb-slide-item kb-gallery-carousel-item\"><div class=\"kadence-blocks-gallery-item\"><div class=\"kadence-blocks-gallery-item-inner\"><figure class=\"kb-gallery-figure kb-gallery-item-has-link kadence-blocks-gallery-item-hide-caption\"><a href=\"https:\/\/vidriosyespejos.enbogota.net\/OnlinE\/wp-content\/uploads\/2023\/05\/espejo-decorativo-2.jpg\" data-description=\"Espejo  decorativo  instalado en sala\" data-alt=\"Espejo decorativo\" class=\"kb-gallery-item-link\"  ><div class=\"kb-gal-image-radius\"><div class=\"kb-gallery-image-contain\" ><img loading=\"lazy\" decoding=\"async\" src=\"https:\/\/vidriosyespejos.enbogota.net\/OnlinE\/wp-content\/uploads\/2023\/05\/espejo-decorativo-2.jpg\" width=\"316\" height=\"400\" alt=\"Espejo decorativo\" data-full-image=\"https:\/\/vidriosyespejos.enbogota.net\/OnlinE\/wp-content\/uploads\/2023\/05\/espejo-decorativo-2.jpg\" data-light-image=\"https:\/\/vidriosyespejos.enbogota.net\/OnlinE\/wp-content\/uploads\/2023\/05\/espejo-decorativo-2.jpg\" data-id=\"214\" class=\"wp-image-214 skip-lazy\" srcset=\"https:\/\/vidriosyespejos.enbogota.net\/OnlinE\/wp-content\/uploads\/2023\/05\/espejo-decorativo-2.jpg 316w, https:\/\/vidriosyespejos.enbogota.net\/OnlinE\/wp-content\/uploads\/2023\/05\/espejo-decorativo-2-237x300.jpg 237w\" sizes=\"auto, (max-width: 316px) 100vw, 316px\" \/><\/div><\/div><\/a><\/figure><\/div><\/div><\/li><li class=\"kb-slide-item kb-gallery-carousel-item\"><div class=\"kadence-blocks-gallery-item\"><div class=\"kadence-blocks-gallery-item-inner\"><figure class=\"kb-gallery-figure kb-gallery-item-has-link kadence-blocks-gallery-item-hide-caption\"><a href=\"https:\/\/vidriosyespejos.enbogota.net\/OnlinE\/wp-content\/uploads\/2023\/05\/espejo-redondo.jpg\" data-description=\"Espejo redondo instalado en ba\u00f1o\" data-alt=\"Espejo redondo instalado\" class=\"kb-gallery-item-link\"  ><div class=\"kb-gal-image-radius\"><div class=\"kb-gallery-image-contain\" ><img loading=\"lazy\" decoding=\"async\" src=\"https:\/\/vidriosyespejos.enbogota.net\/OnlinE\/wp-content\/uploads\/2023\/05\/espejo-redondo.jpg\" width=\"523\" height=\"400\" alt=\"Espejo redondo instalado\" data-full-image=\"https:\/\/vidriosyespejos.enbogota.net\/OnlinE\/wp-content\/uploads\/2023\/05\/espejo-redondo.jpg\" data-light-image=\"https:\/\/vidriosyespejos.enbogota.net\/OnlinE\/wp-content\/uploads\/2023\/05\/espejo-redondo.jpg\" data-id=\"215\" class=\"wp-image-215 skip-lazy\" srcset=\"https:\/\/vidriosyespejos.enbogota.net\/OnlinE\/wp-content\/uploads\/2023\/05\/espejo-redondo.jpg 523w, https:\/\/vidriosyespejos.enbogota.net\/OnlinE\/wp-content\/uploads\/2023\/05\/espejo-redondo-300x229.jpg 300w\" sizes=\"auto, (max-width: 523px) 100vw, 523px\" \/><\/div><\/div><\/a><\/figure><\/div><\/div><\/li><\/div><\/div><\/div><\/div><\/div><\/div>\n\n<\/div><\/div>\n\n\n<h2 class=\"wp-block-heading\">Espejos Importados<\/h2>\n\n\n\n<ul class=\"wp-block-list\">\n<li>Espejos redondos<\/li>\n\n\n\n<li>Espejos flotantes<\/li>\n\n\n\n<li>Espejos biselados<\/li>\n\n\n\n<li>Espejos de vigilancia<\/li>\n\n\n\n<li>Espejos decorativos<\/li>\n\n\n\n<li>Espejos de pared<\/li>\n\n\n\n<li>Espejos para ba\u00f1o y tocador<\/li>\n<\/ul>\n\n\n<style>.kb-row-layout-wrap.wp-block-kadence-rowlayout.kb-row-layout-id_e3c8c9-36{margin-bottom:0px;}.kb-row-layout-id_e3c8c9-36 > .kt-row-column-wrap{align-content:start;}:where(.kb-row-layout-id_e3c8c9-36 > .kt-row-column-wrap) > .wp-block-kadence-column{justify-content:start;}.kb-row-layout-id_e3c8c9-36 > .kt-row-column-wrap{column-gap:var(--global-kb-gap-md, 2rem);row-gap:var(--global-kb-gap-md, 2rem);padding-top:var(--global-kb-spacing-sm, 1.5rem);padding-bottom:var(--global-kb-spacing-sm, 1.5rem);grid-template-columns:minmax(0, 2fr) minmax(0, 1fr);}.kb-row-layout-id_e3c8c9-36 > .kt-row-layout-overlay{opacity:0.30;}@media all and (max-width: 1024px){.kb-row-layout-id_e3c8c9-36 > .kt-row-column-wrap{grid-template-columns:minmax(0, 2fr) minmax(0, 1fr);}}@media all and (max-width: 767px){.kb-row-layout-id_e3c8c9-36 > .kt-row-column-wrap{grid-template-columns:minmax(0, 1fr);}}<\/style><div class=\"kb-row-layout-wrap kb-row-layout-id_e3c8c9-36 alignnone wp-block-kadence-rowlayout\"><div class=\"kt-row-column-wrap kt-has-2-columns kt-row-layout-left-golden kt-tab-layout-inherit kt-mobile-layout-row kt-row-valign-top\">\n<style>.kadence-column_8a7bf0-68 > .kt-inside-inner-col,.kadence-column_8a7bf0-68 > .kt-inside-inner-col:before{border-top-left-radius:0px;border-top-right-radius:0px;border-bottom-right-radius:0px;border-bottom-left-radius:0px;}.kadence-column_8a7bf0-68 > .kt-inside-inner-col{column-gap:var(--global-kb-gap-sm, 1rem);}.kadence-column_8a7bf0-68 > .kt-inside-inner-col{flex-direction:column;}.kadence-column_8a7bf0-68 > .kt-inside-inner-col > .aligncenter{width:100%;}.kadence-column_8a7bf0-68 > .kt-inside-inner-col:before{opacity:0.3;}.kadence-column_8a7bf0-68{position:relative;}@media all and (max-width: 1024px){.kadence-column_8a7bf0-68 > .kt-inside-inner-col{flex-direction:column;justify-content:center;}}@media all and (max-width: 767px){.kadence-column_8a7bf0-68 > .kt-inside-inner-col{flex-direction:column;justify-content:center;}}<\/style>\n<div class=\"wp-block-kadence-column kadence-column_8a7bf0-68 inner-column-1\"><div class=\"kt-inside-inner-col\">\n<h2 class=\"wp-block-heading\">Esecialistas en Espejos Decorativos<\/h2>\n\n\n\n<p>La mejor calidad en espejos, marca radiant&nbsp; 4mm, NO DISTORSIONA, NO SE MANCHA, se le aplica una capa especial antihongos.<\/p>\n\n\n\n<p>Este producto se realiza por medio de un proceso conocido como \u201cplateado\u201d.&nbsp;<\/p>\n\n\n\n<p>\u00a1\u00a1Dise\u00f1os totalmente personalizados, se realizan a la medida que desees!! Y el estilo que m\u00e1s te guste.<\/p>\n<\/div><\/div>\n\n\n<style>.kadence-column_4906ed-ed > .kt-inside-inner-col,.kadence-column_4906ed-ed > .kt-inside-inner-col:before{border-top-left-radius:0px;border-top-right-radius:0px;border-bottom-right-radius:0px;border-bottom-left-radius:0px;}.kadence-column_4906ed-ed > .kt-inside-inner-col{column-gap:var(--global-kb-gap-sm, 1rem);}.kadence-column_4906ed-ed > .kt-inside-inner-col{flex-direction:column;}.kadence-column_4906ed-ed > .kt-inside-inner-col > .aligncenter{width:100%;}.kadence-column_4906ed-ed > .kt-inside-inner-col:before{opacity:0.3;}.kadence-column_4906ed-ed{position:relative;}@media all and (max-width: 1024px){.kadence-column_4906ed-ed > .kt-inside-inner-col{flex-direction:column;justify-content:center;}}@media all and (max-width: 767px){.kadence-column_4906ed-ed > .kt-inside-inner-col{flex-direction:column;justify-content:center;}}<\/style>\n<div class=\"wp-block-kadence-column kadence-column_4906ed-ed inner-column-2\"><div class=\"kt-inside-inner-col\"><\/div><\/div>\n\n<\/div><\/div>\n\n<style>.kb-row-layout-wrap.wp-block-kadence-rowlayout.kb-row-layout-id_e0b64a-04{margin-bottom:0px;}.kb-row-layout-id_e0b64a-04 > .kt-row-column-wrap{align-content:start;}:where(.kb-row-layout-id_e0b64a-04 > .kt-row-column-wrap) > .wp-block-kadence-column{justify-content:start;}.kb-row-layout-id_e0b64a-04 > .kt-row-column-wrap{column-gap:var(--global-kb-gap-md, 2rem);row-gap:var(--global-kb-gap-md, 2rem);padding-top:var(--global-kb-spacing-sm, 1.5rem);padding-bottom:var(--global-kb-spacing-sm, 1.5rem);grid-template-columns:minmax(0, 1fr);}.kb-row-layout-id_e0b64a-04 > .kt-row-layout-overlay{opacity:0.30;}@media all and (max-width: 1024px){.kb-row-layout-id_e0b64a-04 > .kt-row-column-wrap{grid-template-columns:minmax(0, 1fr);}}@media all and (max-width: 767px){.kb-row-layout-id_e0b64a-04 > .kt-row-column-wrap{grid-template-columns:minmax(0, 1fr);}}<\/style><div class=\"kb-row-layout-wrap kb-row-layout-id_e0b64a-04 alignnone wp-block-kadence-rowlayout\"><div class=\"kt-row-column-wrap kt-has-1-columns kt-row-layout-equal kt-tab-layout-inherit kt-mobile-layout-row kt-row-valign-top\">\n<style>.kadence-column_f8b5a8-06 > .kt-inside-inner-col,.kadence-column_f8b5a8-06 > .kt-inside-inner-col:before{border-top-left-radius:0px;border-top-right-radius:0px;border-bottom-right-radius:0px;border-bottom-left-radius:0px;}.kadence-column_f8b5a8-06 > .kt-inside-inner-col{column-gap:var(--global-kb-gap-sm, 1rem);}.kadence-column_f8b5a8-06 > .kt-inside-inner-col{flex-direction:column;}.kadence-column_f8b5a8-06 > .kt-inside-inner-col > .aligncenter{width:100%;}.kadence-column_f8b5a8-06 > .kt-inside-inner-col:before{opacity:0.3;}.kadence-column_f8b5a8-06{position:relative;}@media all and (max-width: 1024px){.kadence-column_f8b5a8-06 > .kt-inside-inner-col{flex-direction:column;justify-content:center;}}@media all and (max-width: 767px){.kadence-column_f8b5a8-06 > .kt-inside-inner-col{flex-direction:column;justify-content:center;}}<\/style>\n<div class=\"wp-block-kadence-column kadence-column_f8b5a8-06\"><div class=\"kt-inside-inner-col\">\n<h2 class=\"wp-block-heading\">Clases de Espejos<\/h2>\n\n\n\n<p>Existen varios tipos de espejos que tenemos a su disposici\u00f3n,  seg\u00fan su aplicaci\u00f3n, pero los principales son los siguientes:<\/p>\n\n\n\n<ul class=\"wp-block-list\">\n<li><strong>Espejos de vidrio plano<\/strong>: Estos son los espejos m\u00e1s comunes que se utilizan en hogares, ba\u00f1os, vestidores, etc. Se fabrican cortando una l\u00e1mina de vidrio y puliendo una de sus caras hasta obtener una superficie plana y lisa. Luego, se le aplica una capa de plata o aluminio a esta superficie, lo que le da el efecto de espejo.<\/li>\n\n\n\n<li><strong>Espejos curvos<\/strong>: Estos espejos se utilizan principalmente en telescopios y en sistemas de iluminaci\u00f3n. Se fabrican calentando una hoja de vidrio y d\u00e1ndole forma con un molde. Luego, se le aplica una capa de plata o aluminio en la parte posterior para convertirlo en un espejo.<\/li>\n\n\n\n<li><strong>Espejos de seguridad<\/strong>: Estos espejos se utilizan en veh\u00edculos, tiendas y otros lugares donde se necesita un espejo que no se rompa f\u00e1cilmente. Se fabrican uniendo una capa de vidrio a una capa de pl\u00e1stico con una capa adhesiva entre ellas. Esto los hace m\u00e1s resistentes a roturas y astillas.<\/li>\n<\/ul>\n\n\n\n<p>Para su conocimiento le explicamos c\u00f3mo es el  proceso de <strong>fabricaci\u00f3n industrial de los espejos de vidrio plano <\/strong>implica los siguientes pasos:<\/p>\n\n\n\n<ul class=\"wp-block-list\">\n<li>Corte de la hoja de vidrio a la medida requerida.<\/li>\n\n\n\n<li>Lijado y pulido de la superficie del vidrio para obtener una superficie plana y lisa.<\/li>\n\n\n\n<li>Limpiado de la superficie del vidrio para eliminar cualquier residuo y prepararla para la aplicaci\u00f3n de la capa de metal.<\/li>\n\n\n\n<li>Aplicaci\u00f3n de una capa de plata o aluminio a la superficie del vidrio utilizando un proceso de deposici\u00f3n al vac\u00edo.<\/li>\n\n\n\n<li>Protecci\u00f3n de la capa de metal con una capa de pintura o barniz.<\/li>\n\n\n\n<li>Inspecci\u00f3n y empaque del espejo terminado.<\/li>\n<\/ul>\n<\/div><\/div>\n\n<\/div><\/div>","protected":false},"excerpt":{"rendered":"<p>Venta e Instalaci\u00f3n Espejos a Domicilio Espejos Importados Esecialistas en Espejos Decorativos La mejor calidad en espejos, marca radiant&nbsp; 4mm, NO DISTORSIONA, NO SE MANCHA, se le aplica una capa especial antihongos. Este producto se realiza por medio de un proceso conocido como \u201cplateado\u201d.&nbsp; \u00a1\u00a1Dise\u00f1os totalmente personalizados, se realizan a la medida que desees!! Y &#8230; <a title=\"Espejos\" class=\"read-more\" href=\"https:\/\/vidriosyespejos.enbogota.net\/OnlinE\/espejos\/\" aria-label=\"Read more about Espejos\">Read more<\/a><\/p>\n","protected":false},"author":1,"featured_media":0,"parent":0,"menu_order":0,"comment_status":"closed","ping_status":"closed","template":"","meta":{"iawp_total_views":56,"footnotes":""},"class_list":["post-14","page","type-page","status-publish"],"_links":{"self":[{"href":"https:\/\/vidriosyespejos.enbogota.net\/OnlinE\/wp-json\/wp\/v2\/pages\/14","targetHints":{"allow":["GET"]}}],"collection":[{"href":"https:\/\/vidriosyespejos.enbogota.net\/OnlinE\/wp-json\/wp\/v2\/pages"}],"about":[{"href":"https:\/\/vidriosyespejos.enbogota.net\/OnlinE\/wp-json\/wp\/v2\/types\/page"}],"author":[{"embeddable":true,"href":"https:\/\/vidriosyespejos.enbogota.net\/OnlinE\/wp-json\/wp\/v2\/users\/1"}],"replies":[{"embeddable":true,"href":"https:\/\/vidriosyespejos.enbogota.net\/OnlinE\/wp-json\/wp\/v2\/comments?post=14"}],"version-history":[{"count":5,"href":"https:\/\/vidriosyespejos.enbogota.net\/OnlinE\/wp-json\/wp\/v2\/pages\/14\/revisions"}],"predecessor-version":[{"id":216,"href":"https:\/\/vidriosyespejos.enbogota.net\/OnlinE\/wp-json\/wp\/v2\/pages\/14\/revisions\/216"}],"wp:attachment":[{"href":"https:\/\/vidriosyespejos.enbogota.net\/OnlinE\/wp-json\/wp\/v2\/media?parent=14"}],"curies":[{"name":"wp","href":"https:\/\/api.w.org\/{rel}","templated":true}]}}